{"id":1660,"date":"2023-01-16T14:56:57","date_gmt":"2023-01-16T13:56:57","guid":{"rendered":"https:\/\/berthodsport.it\/wordpress\/?page_id=1660"},"modified":"2024-12-27T14:39:37","modified_gmt":"2024-12-27T13:39:37","slug":"home-fr","status":"publish","type":"page","link":"https:\/\/www.berthodsport.it\/wordpress\/fr\/home-fr\/","title":{"rendered":"Home FR"},"content":{"rendered":"<p>[vc_row][vc_column]\n\t\t\t<!-- START slider_3 (FR) REVOLUTION SLIDER 6.7.40 --><p class=\"rs-p-wp-fix\"><\/p>\n\t\t\t<rs-module-wrap id=\"rev_slider_5_1_wrapper\" data-source=\"gallery\" style=\"visibility:hidden;background:transparent;padding:0;\">\n\t\t\t\t<rs-module id=\"rev_slider_5_1\" style=\"\" data-version=\"6.7.40\">\n\t\t\t\t\t<rs-slides style=\"overflow: hidden; position: absolute;\">\n\t\t\t\t\t\t<rs-slide style=\"position: absolute;\" data-key=\"rs-13\" data-title=\"Slide\" data-thumb=\"\/\/berthodsport.it\/wordpress\/wp-content\/uploads\/2023\/01\/luka-senica-2.jpg\" data-anim=\"ms:600;r:0;\" data-in=\"o:0;\" data-out=\"a:false;\">\n\t\t\t\t\t\t\t<img decoding=\"async\" src=\"\/\/www.berthodsport.it\/wordpress\/wp-content\/plugins\/revslider\/sr6\/assets\/assets\/dummy.png\" alt=\"\" title=\"luka-senica-2\" width=\"1920\" height=\"700\" class=\"rev-slidebg tp-rs-img rs-lazyload\" data-lazyload=\"\/\/berthodsport.it\/wordpress\/wp-content\/uploads\/2023\/01\/luka-senica-2.jpg\" data-parallax=\"off\" data-no-retina>\n<!--\n\t\t\t\t\t\t\t--><rs-layer\n\t\t\t\t\t\t\t\tid=\"slider-5-slide-13-layer-8\" \n\t\t\t\t\t\t\t\tclass=\"slider_3_text_80 rs-pxl-1\"\n\t\t\t\t\t\t\t\tdata-type=\"text\"\n\t\t\t\t\t\t\t\tdata-color=\"#9ac525\"\n\t\t\t\t\t\t\t\tdata-rsp_ch=\"on\"\n\t\t\t\t\t\t\t\tdata-xy=\"x:c;xo:298px;y:606px;\"\n\t\t\t\t\t\t\t\tdata-text=\"s:80;l:80;fw:600;\"\n\t\t\t\t\t\t\t\tdata-frame_0=\"y:-50px;tp:600;\"\n\t\t\t\t\t\t\t\tdata-frame_1=\"tp:600;st:1000;sR:1000;\"\n\t\t\t\t\t\t\t\tdata-frame_999=\"y:-50px;o:0;tp:600;st:w;sR:7700;\"\n\t\t\t\t\t\t\t\tstyle=\"z-index:8;font-family:'Montserrat';text-transform:uppercase;\"\n\t\t\t\t\t\t\t>Si vous \u00eates pr\u00eats \n\t\t\t\t\t\t\t<\/rs-layer><!--\n\n\t\t\t\t\t\t\t--><rs-layer\n\t\t\t\t\t\t\t\tid=\"slider-5-slide-13-layer-9\" \n\t\t\t\t\t\t\t\tclass=\"slider_3_slide_text_100 rs-pxl-1\"\n\t\t\t\t\t\t\t\tdata-type=\"text\"\n\t\t\t\t\t\t\t\tdata-color=\"#9ac525\"\n\t\t\t\t\t\t\t\tdata-rsp_ch=\"on\"\n\t\t\t\t\t\t\t\tdata-xy=\"x:c;xo:440px;y:702px;\"\n\t\t\t\t\t\t\t\tdata-text=\"s:100;l:100;fw:700;\"\n\t\t\t\t\t\t\t\tdata-frame_0=\"x:-50px;tp:600;\"\n\t\t\t\t\t\t\t\tdata-frame_1=\"tp:600;st:1160;sR:1160;\"\n\t\t\t\t\t\t\t\tdata-frame_999=\"x:-50px;o:0;tp:600;st:w;sR:7540;\"\n\t\t\t\t\t\t\t\tstyle=\"z-index:9;font-family:'Montserrat';text-transform:uppercase;\"\n\t\t\t\t\t\t\t>pour \u00e7a... \n\t\t\t\t\t\t\t<\/rs-layer><!--\n\n\t\t\t\t\t\t\t--><rs-layer\n\t\t\t\t\t\t\t\tid=\"slider-5-slide-13-layer-10\" \n\t\t\t\t\t\t\t\tclass=\"slider_3_text_70 rs-pxl-1\"\n\t\t\t\t\t\t\t\tdata-type=\"text\"\n\t\t\t\t\t\t\t\tdata-color=\"#b4010c\"\n\t\t\t\t\t\t\t\tdata-rsp_ch=\"on\"\n\t\t\t\t\t\t\t\tdata-xy=\"x:c;xo:352px;y:807px;\"\n\t\t\t\t\t\t\t\tdata-text=\"s:70;l:70;fw:600;\"\n\t\t\t\t\t\t\t\tdata-frame_0=\"y:50px;tp:600;\"\n\t\t\t\t\t\t\t\tdata-frame_1=\"tp:600;st:1370;sR:1370;\"\n\t\t\t\t\t\t\t\tdata-frame_999=\"y:50px;o:0;tp:600;st:w;sR:7330;\"\n\t\t\t\t\t\t\t\tstyle=\"z-index:10;font-family:'Montserrat';\"\n\t\t\t\t\t\t\t>Ceci est la location pour vous \n\t\t\t\t\t\t\t<\/rs-layer><!--\n-->\t\t\t\t\t<\/rs-slide>\n\t\t\t\t\t\t<rs-slide style=\"position: absolute;\" data-key=\"rs-14\" data-title=\"Slide\" data-thumb=\"\/\/berthodsport.it\/wordpress\/wp-content\/uploads\/2022\/11\/comprensorio_sciistico_negozio_sportivo_berthod_sport_la_thuile_valle_aosta-1-1920x700-1.jpg\" data-anim=\"ms:600;r:0;\" data-in=\"o:0;\" data-out=\"a:false;\">\n\t\t\t\t\t\t\t<img decoding=\"async\" src=\"\/\/www.berthodsport.it\/wordpress\/wp-content\/plugins\/revslider\/sr6\/assets\/assets\/dummy.png\" alt=\"\" title=\"comprensorio_sciistico_negozio_sportivo_berthod_sport_la_thuile_valle_aosta-1-1920&#215;700\" width=\"1666\" height=\"700\" class=\"rev-slidebg tp-rs-img rs-lazyload\" data-lazyload=\"\/\/berthodsport.it\/wordpress\/wp-content\/uploads\/2022\/11\/comprensorio_sciistico_negozio_sportivo_berthod_sport_la_thuile_valle_aosta-1-1920x700-1.jpg\" data-parallax=\"off\" data-no-retina>\n<!--\n\t\t\t\t\t\t\t--><rs-layer\n\t\t\t\t\t\t\t\tid=\"slider-5-slide-14-layer-2\" \n\t\t\t\t\t\t\t\tclass=\"slider_3_text_80 rs-pxl-1\"\n\t\t\t\t\t\t\t\tdata-type=\"text\"\n\t\t\t\t\t\t\t\tdata-color=\"#9ac525\"\n\t\t\t\t\t\t\t\tdata-rsp_ch=\"on\"\n\t\t\t\t\t\t\t\tdata-xy=\"x:c;xo:-104px;y:419px;\"\n\t\t\t\t\t\t\t\tdata-text=\"s:80;l:80;fw:600;\"\n\t\t\t\t\t\t\t\tdata-frame_0=\"y:-50px;tp:600;\"\n\t\t\t\t\t\t\t\tdata-frame_1=\"tp:600;st:550;sR:550;\"\n\t\t\t\t\t\t\t\tdata-frame_999=\"y:-50px;o:0;tp:600;st:w;sR:8150;\"\n\t\t\t\t\t\t\t\tstyle=\"z-index:8;font-family:'Montserrat';text-transform:uppercase;\"\n\t\t\t\t\t\t\t>Tout le n\u00e9cessaire  \n\t\t\t\t\t\t\t<\/rs-layer><!--\n\n\t\t\t\t\t\t\t--><rs-layer\n\t\t\t\t\t\t\t\tid=\"slider-5-slide-14-layer-3\" \n\t\t\t\t\t\t\t\tclass=\"slider_3_slide_text_100 rs-pxl-1\"\n\t\t\t\t\t\t\t\tdata-type=\"text\"\n\t\t\t\t\t\t\t\tdata-color=\"#b4010c\"\n\t\t\t\t\t\t\t\tdata-rsp_ch=\"on\"\n\t\t\t\t\t\t\t\tdata-xy=\"x:c;xo:-157px;y:515px;\"\n\t\t\t\t\t\t\t\tdata-text=\"s:130;l:130;fw:700;\"\n\t\t\t\t\t\t\t\tdata-frame_0=\"x:-50px;tp:600;\"\n\t\t\t\t\t\t\t\tdata-frame_1=\"tp:600;st:690;sR:690;\"\n\t\t\t\t\t\t\t\tdata-frame_999=\"x:-50px;o:0;tp:600;st:w;sR:8010;\"\n\t\t\t\t\t\t\t\tstyle=\"z-index:9;font-family:'Montserrat';text-transform:uppercase;\"\n\t\t\t\t\t\t\t>pour vos <br>aventures \n\t\t\t\t\t\t\t<\/rs-layer><!--\n\n\t\t\t\t\t\t\t--><rs-layer\n\t\t\t\t\t\t\t\tid=\"slider-5-slide-14-layer-4\" \n\t\t\t\t\t\t\t\tclass=\"slider_3_text_70 rs-pxl-1\"\n\t\t\t\t\t\t\t\tdata-type=\"text\"\n\t\t\t\t\t\t\t\tdata-color=\"#9ac525\"\n\t\t\t\t\t\t\t\tdata-rsp_ch=\"on\"\n\t\t\t\t\t\t\t\tdata-xy=\"x:c;xo:-95px;y:786px;\"\n\t\t\t\t\t\t\t\tdata-text=\"s:98;l:98;fw:600;\"\n\t\t\t\t\t\t\t\tdata-frame_0=\"y:79px;tp:600;\"\n\t\t\t\t\t\t\t\tdata-frame_1=\"tp:600;st:810;sR:810;\"\n\t\t\t\t\t\t\t\tdata-frame_999=\"y:79px;o:0;tp:600;st:w;sR:7890;\"\n\t\t\t\t\t\t\t\tstyle=\"z-index:10;font-family:'Montserrat';\"\n\t\t\t\t\t\t\t>en montagne \n\t\t\t\t\t\t\t<\/rs-layer><!--\n-->\t\t\t\t\t<\/rs-slide>\n\t\t\t\t\t\t<rs-slide style=\"position: absolute;\" data-key=\"rs-15\" data-title=\"Slide\" data-thumb=\"\/\/berthodsport.it\/wordpress\/wp-content\/uploads\/2022\/11\/06_la_thuile_impianti_sciistici_berthod_sport_valle_aosta-1-1920x700-1.jpg\" data-anim=\"ms:600;r:0;\" data-in=\"o:0;\" data-out=\"a:false;\">\n\t\t\t\t\t\t\t<img decoding=\"async\" src=\"\/\/www.berthodsport.it\/wordpress\/wp-content\/plugins\/revslider\/sr6\/assets\/assets\/dummy.png\" alt=\"\" title=\"06_la_thuile_impianti_sciistici_berthod_sport_valle_aosta-1-1920&#215;700\" width=\"1666\" height=\"700\" class=\"rev-slidebg tp-rs-img rs-lazyload\" data-lazyload=\"\/\/berthodsport.it\/wordpress\/wp-content\/uploads\/2022\/11\/06_la_thuile_impianti_sciistici_berthod_sport_valle_aosta-1-1920x700-1.jpg\" data-parallax=\"off\" data-no-retina>\n<!--\n\t\t\t\t\t\t\t--><rs-layer\n\t\t\t\t\t\t\t\tid=\"slider-5-slide-15-layer-2\" \n\t\t\t\t\t\t\t\tclass=\"slider_3_text_80 rs-pxl-1\"\n\t\t\t\t\t\t\t\tdata-type=\"text\"\n\t\t\t\t\t\t\t\tdata-color=\"#9ac525\"\n\t\t\t\t\t\t\t\tdata-rsp_ch=\"on\"\n\t\t\t\t\t\t\t\tdata-xy=\"x:456px;y:519px;\"\n\t\t\t\t\t\t\t\tdata-text=\"s:80;l:80;ls:0.008em !important;fw:600;\"\n\t\t\t\t\t\t\t\tdata-frame_0=\"y:-50px;tp:600;\"\n\t\t\t\t\t\t\t\tdata-frame_1=\"tp:600;st:890;sR:890;\"\n\t\t\t\t\t\t\t\tdata-frame_999=\"y:-50px;o:0;tp:600;st:w;sR:7810;\"\n\t\t\t\t\t\t\t\tstyle=\"z-index:9;font-family:'Montserrat';text-transform:uppercase;\"\n\t\t\t\t\t\t\t>professionnalisme<br \/>et exp\u00e9rience \u00e0  \n\t\t\t\t\t\t\t<\/rs-layer><!--\n\n\t\t\t\t\t\t\t--><rs-layer\n\t\t\t\t\t\t\t\tid=\"slider-5-slide-15-layer-3\" \n\t\t\t\t\t\t\t\tclass=\"slider_3_slide_text_100 rs-pxl-1\"\n\t\t\t\t\t\t\t\tdata-type=\"text\"\n\t\t\t\t\t\t\t\tdata-color=\"#b4010c\"\n\t\t\t\t\t\t\t\tdata-rsp_ch=\"on\"\n\t\t\t\t\t\t\t\tdata-xy=\"x:771px;y:704px;\"\n\t\t\t\t\t\t\t\tdata-text=\"s:120;l:120;ls:0.013em !important;fw:700;\"\n\t\t\t\t\t\t\t\tdata-frame_0=\"x:-50px;tp:600;\"\n\t\t\t\t\t\t\t\tdata-frame_1=\"tp:600;st:1160;sR:1160;\"\n\t\t\t\t\t\t\t\tdata-frame_999=\"x:-50px;o:0;tp:600;st:w;sR:7540;\"\n\t\t\t\t\t\t\t\tstyle=\"z-index:10;font-family:'Montserrat';text-transform:uppercase;\"\n\t\t\t\t\t\t\t>La Thuile \n\t\t\t\t\t\t\t<\/rs-layer><!--\n\n\t\t\t\t\t\t\t--><rs-layer\n\t\t\t\t\t\t\t\tid=\"slider-5-slide-15-layer-4\" \n\t\t\t\t\t\t\t\tclass=\"slider_3_text_70 rs-pxl-1\"\n\t\t\t\t\t\t\t\tdata-type=\"text\"\n\t\t\t\t\t\t\t\tdata-color=\"#9ac525\"\n\t\t\t\t\t\t\t\tdata-rsp_ch=\"on\"\n\t\t\t\t\t\t\t\tdata-xy=\"x:690px;y:837px;\"\n\t\t\t\t\t\t\t\tdata-text=\"s:70;l:70;ls:0.008em !important;fw:700;\"\n\t\t\t\t\t\t\t\tdata-frame_0=\"y:50px;tp:600;\"\n\t\t\t\t\t\t\t\tdata-frame_1=\"tp:600;st:1440;sR:1440;\"\n\t\t\t\t\t\t\t\tdata-frame_999=\"y:50px;o:0;tp:600;st:w;sR:7260;\"\n\t\t\t\t\t\t\t\tstyle=\"z-index:11;font-family:'Montserrat';\"\n\t\t\t\t\t\t\t>pour vos jours sur la neige \n\t\t\t\t\t\t\t<\/rs-layer><!--\n-->\t\t\t\t\t<\/rs-slide>\n\t\t\t\t\t<\/rs-slides>\n\t\t\t\t<\/rs-module>\n\t\t\t\t<script>\n\t\t\t\t\tsetREVStartSize({c: 'rev_slider_5_1',rl:[1240,1024,778,480],el:[980],gw:[1920],gh:[980],type:'standard',justify:'',layout:'fullscreen',offsetContainer:'',offset:'',mh:\"0\"});if (window.RS_MODULES!==undefined && window.RS_MODULES.modules!==undefined && window.RS_MODULES.modules[\"revslider51\"]!==undefined) {window.RS_MODULES.modules[\"revslider51\"].once = false;window.revapi5 = undefined;if (window.RS_MODULES.checkMinimal!==undefined) window.RS_MODULES.checkMinimal()}\n\t\t\t\t<\/script>\n\t\t\t<\/rs-module-wrap>\n\t\t\t<!-- END REVOLUTION SLIDER -->\n[\/vc_column][\/vc_row][vc_row][vc_column][vc_empty_space height=&#8221;3 em&#8221;][vc_custom_heading text=&#8221;\u00c0 LA THUILE&#8221; font_container=&#8221;tag:div|font_size:0.933em|text_align:center|color:%23c4c4c4&#8243; google_fonts=&#8221;font_family:Montserrat%3Aregular%2C700|font_style:400%20regular%3A400%3Anormal&#8221;]<h1 class=\"sc_title sc_title_regular margin_top_tiny-\">BERTHOD SPORT<\/h1>[vc_separator color=&#8221;green&#8221; border_width=&#8221;3&#8243; el_width=&#8221;30&#8243;][vc_column_text]Tout ce dont vous avez besoin pour le SPORT EN MONTAGNE en toute saison.[\/vc_column_text][vc_empty_space height=&#8221;3 em&#8221;][\/vc_column][\/vc_row][vc_row equal_height=&#8221;yes&#8221; el_id=&#8221;icone_home&#8221;][vc_column width=&#8221;1\/3&#8243;][vc_single_image image=&#8221;1374&#8243; img_size=&#8221;300X300&#8243; alignment=&#8221;center&#8221;][vc_wp_text]Large choix de skis et snowboards du produit haut de gamme pour les skieurs PRO \u00e0 celui qui s\u2019approche pour la premi\u00e8re fois de la neige; d\u00e9couvrez toutes nos offres.[\/vc_wp_text][vc_btn title=&#8221;ALLER \u00c0 LA LOCATION&#8221; color=&#8221;green&#8221; size=&#8221;lg&#8221; align=&#8221;center&#8221; button_block=&#8221;true&#8221; link=&#8221;url:https%3A%2F%2Fberthodsport.it%2Fwordpress%2Fnoleggio%2F|||&#8221;][\/vc_column][vc_column width=&#8221;1\/3&#8243;][vc_single_image image=&#8221;1372&#8243; img_size=&#8221;300X300&#8243; alignment=&#8221;center&#8221;][vc_wp_text]Pour les r\u00e9parations ordinaires et sp\u00e9cialis\u00e9es de toutes sortes sur les skis et la personnalisation de la chaussure.[\/vc_wp_text][vc_btn title=&#8221;ALLEZ AU LABORATOIRE&#8221; color=&#8221;green&#8221; size=&#8221;lg&#8221; align=&#8221;center&#8221; button_block=&#8221;true&#8221; link=&#8221;url:https%3A%2F%2Fberthodsport.it%2Fwordpress%2Flaboratorio%2F|title:LABORATOIRE||&#8221;][\/vc_column][vc_column width=&#8221;1\/3&#8243;][vc_single_image image=&#8221;1513&#8243; img_size=&#8221;300X300&#8243; alignment=&#8221;center&#8221;][vc_wp_text]Notre d\u00e9p\u00f4t vous permet d\u2019avoir l\u2019\u00e9quipement \u00e0 port\u00e9e de main directement au d\u00e9part des remont\u00e9es m\u00e9caniques en \u00e9vitant les transports g\u00eanants des pistes \u00e0 votre domicile.[\/vc_wp_text][vc_btn title=&#8221;ALLEZ AU D\u00c9P\u00d4T&#8221; color=&#8221;green&#8221; size=&#8221;lg&#8221; align=&#8221;center&#8221; button_block=&#8221;true&#8221; link=&#8221;url:https%3A%2F%2Fberthodsport.it%2Fwordpress%2Fdeposito%2F|title:D\u00c9P\u00d4T||&#8221;][\/vc_column][\/vc_row][vc_row full_width=&#8221;stretch_row&#8221; parallax=&#8221;content-moving&#8221; parallax_image=&#8221;1061&#8243; parallax_speed_bg=&#8221;1.2&#8243; scheme=&#8221;original&#8221; inverse=&#8221;&#8221; css=&#8221;.vc_custom_1668983804172{background-position: center;background-repeat: no-repeat;background-size:cover;}&#8221;][vc_column width=&#8221;5\/6&#8243; offset=&#8221;vc_col-lg-6 vc_col-md-6 vc_col-xs-11&#8243;][vc_custom_heading text=&#8221;NE PERDEZ PAS DE TEMPS&#8221; font_container=&#8221;tag:div|font_size:0.933em|text_align:left|color:%23c4c4c4&#8243; google_fonts=&#8221;font_family:Montserrat%3Aregular%2C700|font_style:400%20regular%3A400%3Anormal&#8221;]<div class=\"sc_section\"><div class=\"sc_section_inner\"><h2 class=\"sc_section_title sc_item_title sc_item_title_with_descr\">R\u00c9SERVEZ EN LIGNE<\/h2><div class=\"sc_section_descr sc_item_descr\">Pratique, rapide, intuitif. Pour acc\u00e9l\u00e9rer le retrait, veuillez vous pr\u00e9senter avec votre pi\u00e8ce d'identit\u00e9.<\/div><div class=\"sc_section_content_wrap\">[vc_empty_space height=&#8221;0.8em&#8221;]<a href=\"https:\/\/berthodsport.it\/wordpress\/prenotazione-on-line\/\" class=\"sc_button sc_button_square sc_button_style_filled sc_button_size_small\">R\u00c9SERVEZ<\/a><\/div><\/div><\/div>[vc_empty_space height=&#8221;4em&#8221;][vc_empty_space height=&#8221;4em&#8221;][vc_empty_space height=&#8221;4em&#8221;][\/vc_column][\/vc_row][vc_row][vc_column][vc_empty_space height=&#8221;6.8em&#8221;][vc_custom_heading text=&#8221;QUI NOUS SOMMES&#8221; font_container=&#8221;tag:div|font_size:0.933em|text_align:center|color:%23c4c4c4&#8243; google_fonts=&#8221;font_family:Montserrat%3Aregular%2C700|font_style:400%20regular%3A400%3Anormal&#8221;]<div class=\"sc_section title_center\"><div class=\"sc_section_inner\"><h2 class=\"sc_section_title sc_item_title sc_item_title_without_descr\">viens nous rencontrer<\/h2><div class=\"sc_section_content_wrap\">[vc_empty_space height=&#8221;2.1em&#8221;]<div id=\"sc_team_891807720_wrap\" class=\"sc_team_wrap\"><div id=\"sc_team_891807720\" class=\"sc_team sc_team_style_team-3  title_center\" style=\"width:100%;\"><div class=\"sc_columns columns_wrap\"><div class=\"column-1_3 column_padding_bottom\">\t\t\t<div id=\"sc_team_891807720_1\"\t\t\t\tclass=\"sc_team_item sc_team_item_1 odd first\"\n\t\t\t\t>\n\t\t\t\t<div class=\"sc_team_item_avatar\"><img loading=\"lazy\" decoding=\"async\" class=\"wp-post-image\" width=\"370\" height=\"370\" alt=\"Dante\" src=\"https:\/\/www.berthodsport.it\/wordpress\/wp-content\/uploads\/2016\/08\/dante-370x370.jpg\">\t\t\t\t\t<div class=\"sc_team_item_hover\">\n\t\t\t\t\t\t<div class=\"sc_team_item_socials\"><\/div>\n\t\t\t\t\t<\/div>\n\t\t\t\t<\/div>\n\t\t\t\t<div class=\"sc_team_item_info\">\n\t\t\t\t\t<h5 class=\"sc_team_item_title\"><a href=\"https:\/\/www.berthodsport.it\/wordpress\/team\/dante-2\/\">Dante<\/a><\/h5>\n\t\t\t\t\t<div class=\"sc_team_item_position\"><\/div>\n\t\t\t\t<\/div>\n\t\t\t<\/div>\n\t\t<\/div><div class=\"column-1_3 column_padding_bottom\">\t\t\t<div id=\"sc_team_891807720_2\"\t\t\t\tclass=\"sc_team_item sc_team_item_2 even\"\n\t\t\t\t>\n\t\t\t\t<div class=\"sc_team_item_avatar\"><img loading=\"lazy\" decoding=\"async\" class=\"wp-post-image\" width=\"370\" height=\"370\" alt=\"Corrado\" src=\"https:\/\/www.berthodsport.it\/wordpress\/wp-content\/uploads\/2016\/08\/corrado-370x370.jpg\">\t\t\t\t\t<div class=\"sc_team_item_hover\">\n\t\t\t\t\t\t<div class=\"sc_team_item_socials\"><\/div>\n\t\t\t\t\t<\/div>\n\t\t\t\t<\/div>\n\t\t\t\t<div class=\"sc_team_item_info\">\n\t\t\t\t\t<h5 class=\"sc_team_item_title\"><a href=\"https:\/\/www.berthodsport.it\/wordpress\/team\/corrado\/\">Corrado<\/a><\/h5>\n\t\t\t\t\t<div class=\"sc_team_item_position\"><\/div>\n\t\t\t\t<\/div>\n\t\t\t<\/div>\n\t\t<\/div><div class=\"column-1_3 column_padding_bottom\">\t\t\t<div id=\"sc_team_891807720_3\"\t\t\t\tclass=\"sc_team_item sc_team_item_3 odd\"\n\t\t\t\t>\n\t\t\t\t<div class=\"sc_team_item_avatar\"><img loading=\"lazy\" decoding=\"async\" class=\"wp-post-image\" width=\"370\" height=\"370\" alt=\"Stefano\" src=\"https:\/\/www.berthodsport.it\/wordpress\/wp-content\/uploads\/2016\/08\/stefano-370x370.jpg\">\t\t\t\t\t<div class=\"sc_team_item_hover\">\n\t\t\t\t\t\t<div class=\"sc_team_item_socials\"><\/div>\n\t\t\t\t\t<\/div>\n\t\t\t\t<\/div>\n\t\t\t\t<div class=\"sc_team_item_info\">\n\t\t\t\t\t<h5 class=\"sc_team_item_title\"><a href=\"https:\/\/www.berthodsport.it\/wordpress\/team\/stefano\/\">Stefano<\/a><\/h5>\n\t\t\t\t\t<div class=\"sc_team_item_position\"><\/div>\n\t\t\t\t<\/div>\n\t\t\t<\/div>\n\t\t<\/div><\/div><\/div><!-- \/.sc_team --><\/div><!-- \/.sc_team_wrap --><\/div><\/div><\/div>[\/vc_column][\/vc_row][vc_row][vc_column]<div class=\"sc_section margin_top_medium\"><div class=\"sc_section_inner\"><div class=\"sc_section_content_wrap\">[vc_custom_heading text=&#8221;BERTHOD SPORT&#8221; font_container=&#8221;tag:div|font_size:0.933em|text_align:center|color:%23cecece&#8221; google_fonts=&#8221;font_family:Montserrat%3Aregular%2C700|font_style:400%20regular%3A400%3Anormal&#8221;]<\/div><\/div><\/div><div class=\"sc_section margin_bottom_large title_center\"><div class=\"sc_section_inner\"><h2 class=\"sc_section_title sc_item_title sc_item_title_with_descr\">AVEZ-VOUS BESOIN DE LOUER?<\/h2><div class=\"sc_section_descr sc_item_descr\">La location Berthod le plus grand et le plus moderne de la Vall\u00e9e d\u2019Aoste, se trouve dans le corps de la gare de d\u00e9part du T\u00e9l\u00e9ph\u00e9rique de La Thuile; il vous offre la possibilit\u00e9 d\u2019\u00eatre conseill\u00e9 par un ma\u00eetre de ski exp\u00e9riment\u00e9, technique international de pistes de coupe du monde et par un personnel hautement qualifi\u00e9 pour le choix des mat\u00e9riaux les plus adapt\u00e9s \u00e0 vos capacit\u00e9s et exigences.<\/div><div class=\"sc_section_content_wrap\"><\/div><\/div><\/div>[vc_gallery type=&#8221;image_grid&#8221; images=&#8221;1157,1156,1155,1154,1153,1152,1151,1150,1149&#8243; img_size=&#8221;125&#215;100&#8243; onclick=&#8221;&#8221; css=&#8221;.vc_custom_1670843474637{margin-right: 5px !important;border-right-width: 5px !important;padding-right: 5px !important;}&#8221;][vc_empty_space height=&#8221;1.0em&#8221;][vc_empty_space height=&#8221;1.0em&#8221;]<a href=\"https:\/\/berthodsport.it\/wordpress\/prenotazione-on-line\/\" class=\"sc_button sc_button_square sc_button_style_filled sc_button_size_small aligncenter\">R\u00e9servez<\/a>[\/vc_column][\/vc_row][vc_row][vc_column]<h1 class=\"sc_title sc_title_regular margin_top_tiny\">LOCATION &#8211; D\u00c9P\u00d4T &#8211; LABORATOIRE<\/h1><div id=\"sc_services_1021758131_wrap\" class=\"sc_services_wrap\"><div id=\"sc_services_1021758131\" class=\"sc_services sc_services_style_services-1 sc_services_type_icons  margin_top_medium margin_bottom_medium\" style=\"width:100%;\"><div class=\"sc_columns columns_wrap\"><div class=\"column-1_3 column_padding_bottom\">\t\t\t<div id=\"sc_services_1021758131_1\"\t\t\t\tclass=\"sc_services_item sc_services_item_1 odd first\"\n\t\t\t\t>\n\t\t\t\t<span class=\"sc_icon icon-mobile-1\"><\/span>\t\t\t\t<div class=\"sc_services_item_content\">\n\t\t\t\t\t<h4 class=\"sc_services_item_title\">Appelez-nous:<\/h4>\n\t\t\t\t\t<div class=\"sc_services_item_description\">\n\t\t\t\t\t\t<p>[vc_column_text]Tel. +39 0165884845[\/vc_column_text]<\/p>\t\t\t\t\t<\/div>\n\t\t\t\t<\/div>\n\t\t\t<\/div>\n\t\t<\/div><div class=\"column-1_3 column_padding_bottom\">\t\t\t<div id=\"sc_services_1021758131_2\"\t\t\t\tclass=\"sc_services_item sc_services_item_2 even\"\n\t\t\t\t>\n\t\t\t\t<span class=\"sc_icon icon-location-1\"><\/span>\t\t\t\t<div class=\"sc_services_item_content\">\n\t\t\t\t\t<h4 class=\"sc_services_item_title\">Venez nous rendre visite:<\/h4>\n\t\t\t\t\t<div class=\"sc_services_item_description\">\n\t\t\t\t\t\t<p>[vc_column_text]D\u00e9part T\u00e9l\u00e9ph\u00e9rique DMC<\/p>\n<p>11016 LA THUILE (Aosta), Italy[\/vc_column_text]<\/p>\t\t\t\t\t<\/div>\n\t\t\t\t<\/div>\n\t\t\t<\/div>\n\t\t<\/div><div class=\"column-1_3 column_padding_bottom\">\t\t\t<div id=\"sc_services_1021758131_3\"\t\t\t\tclass=\"sc_services_item sc_services_item_3 odd\"\n\t\t\t\t>\n\t\t\t\t<span class=\"sc_icon icon-clock-1\"><\/span>\t\t\t\t<div class=\"sc_services_item_content\">\n\t\t\t\t\t<h4 class=\"sc_services_item_title\">Quand:<\/h4>\n\t\t\t\t\t<div class=\"sc_services_item_description\">\n\t\t\t\t\t\t<p>[vc_column_text]8:30 \u2013 18:00<\/p>\n<p>Tous les jours[\/vc_column_text]<\/p>\t\t\t\t\t<\/div>\n\t\t\t\t<\/div>\n\t\t\t<\/div>\n\t\t<\/div><\/div><\/div><!-- \/.sc_services --><\/div><!-- \/.sc_services_wrap -->[\/vc_column][\/vc_row][vc_row full_width=&#8221;stretch_row_content_no_spaces&#8221;][vc_column]<div id=\"sc_googlemap_1096255271\" class=\"sc_googlemap\" style=\"width:100%;height:500px;\" data-zoom=\"14\" data-style=\"dark\"><iframe src=\"https:\/\/maps.google.com\/maps?t=m&output=embed&iwloc=near&z=14&q=Frazione+Entreves%2C+141%2C+11016+La+Thuile+AO\" scrolling=\"no\" marginheight=\"0\" marginwidth=\"0\" frameborder=\"0\"\n                    aria-label=\"\"><\/iframe><\/div>[\/vc_column][\/vc_row]<\/p>\n","protected":false},"excerpt":{"rendered":"<p>[vc_row][vc_column][\/vc_column][\/vc_row][vc_row][vc_column][vc_empty_space height=&#8221;3 em&#8221;][vc_custom_heading text=&#8221;\u00c0 LA THUILE&#8221; font_container=&#8221;tag:div|font_size:0.933em|text_align:center|color:%23c4c4c4&#8243; google_fonts=&#8221;font_family:Montserrat%3Aregular%2C700|font_style:400%20regular%3A400%3Anormal&#8221;][vc_separator color=&#8221;green&#8221; border_width=&#8221;3&#8243; el_width=&#8221;30&#8243;][vc_column_text]Tout ce dont vous avez besoin pour le SPORT EN MONTAGNE en toute saison.[\/vc_column_text][vc_empty_space height=&#8221;3 em&#8221;][\/vc_column][\/vc_row][vc_row equal_height=&#8221;yes&#8221; el_id=&#8221;icone_home&#8221;][vc_column width=&#8221;1\/3&#8243;][vc_single_image image=&#8221;1374&#8243; img_size=&#8221;300X300&#8243; alignment=&#8221;center&#8221;][vc_wp_text]Large choix de skis et snowboards du produit haut de gamme pour les skieurs PRO \u00e0 celui qui s\u2019approche pour la premi\u00e8re fois de [&hellip;]<\/p>\n","protected":false},"author":1,"featured_media":0,"parent":0,"menu_order":0,"comment_status":"closed","ping_status":"closed","template":"","meta":{"_monsterinsights_skip_tracking":false,"_monsterinsights_sitenote_active":false,"_monsterinsights_sitenote_note":"","_monsterinsights_sitenote_category":0,"footnotes":""},"class_list":["post-1660","page","type-page","status-publish","hentry"],"_links":{"self":[{"href":"https:\/\/www.berthodsport.it\/wordpress\/wp-json\/wp\/v2\/pages\/1660","targetHints":{"allow":["GET"]}}],"collection":[{"href":"https:\/\/www.berthodsport.it\/wordpress\/wp-json\/wp\/v2\/pages"}],"about":[{"href":"https:\/\/www.berthodsport.it\/wordpress\/wp-json\/wp\/v2\/types\/page"}],"author":[{"embeddable":true,"href":"https:\/\/www.berthodsport.it\/wordpress\/wp-json\/wp\/v2\/users\/1"}],"replies":[{"embeddable":true,"href":"https:\/\/www.berthodsport.it\/wordpress\/wp-json\/wp\/v2\/comments?post=1660"}],"version-history":[{"count":18,"href":"https:\/\/www.berthodsport.it\/wordpress\/wp-json\/wp\/v2\/pages\/1660\/revisions"}],"predecessor-version":[{"id":1835,"href":"https:\/\/www.berthodsport.it\/wordpress\/wp-json\/wp\/v2\/pages\/1660\/revisions\/1835"}],"wp:attachment":[{"href":"https:\/\/www.berthodsport.it\/wordpress\/wp-json\/wp\/v2\/media?parent=1660"}],"curies":[{"name":"wp","href":"https:\/\/api.w.org\/{rel}","templated":true}]}}