{"id":1675,"date":"2023-01-16T15:15:47","date_gmt":"2023-01-16T14:15:47","guid":{"rendered":"https:\/\/berthodsport.it\/wordpress\/?page_id=1675"},"modified":"2025-01-09T14:54:29","modified_gmt":"2025-01-09T13:54:29","slug":"location","status":"publish","type":"page","link":"https:\/\/www.berthodsport.it\/wordpress\/fr\/location\/","title":{"rendered":"Location"},"content":{"rendered":"<p>[vc_row][vc_column width=&#8221;1\/2&#8243;][vc_empty_space height=&#8221;0.7em&#8221;]<div class=\"columns_wrap sc_columns columns_nofluid sc_columns_count_1 columns_1_2_xs margin_top_large\"><div class=\"column-1_1 sc_column_item sc_column_item_1 odd first\"><figure class=\"sc_image  sc_image_shape_square\" style=\"width:600px;\"><img decoding=\"async\" src=\"https:\/\/www.berthodsport.it\/wordpress\/wp-content\/uploads\/2022\/11\/berthod_noleggio_3-600x400.jpg\" alt=\"\" \/><\/figure><\/div><\/div>[\/vc_column][vc_column width=&#8221;1\/2&#8243;][vc_empty_space height=&#8221;10em&#8221;]<div class=\"sc_section\"><div class=\"sc_section_inner\"><div class=\"sc_section_content_wrap\"><h5 class=\"sc_title sc_title_regular margin_top_null margin_bottom_tiny\"><\/h5><h2 class=\"sc_title sc_title_underline margin_top_null margin_bottom_null\">LA LOCATION<\/h2>[vc_empty_space height=&#8221;1.2em&#8221;][vc_column_text]La location Berthod le plus grand et le plus moderne de la Vall\u00e9e d\u2019Aoste, se trouve dans le corps de la gare de d\u00e9part du T\u00e9l\u00e9ph\u00e9rique de La Thuile; il vous offre la possibilit\u00e9 d\u2019\u00eatre conseill\u00e9 par un ma\u00eetre de ski exp\u00e9riment\u00e9, technique international de pistes de coupe du monde et par un personnel hautement qualifi\u00e9 pour le choix des mat\u00e9riaux les plus adapt\u00e9s \u00e0 vos capacit\u00e9s et exigences.[\/vc_column_text]<\/div><\/div><\/div>[\/vc_column][\/vc_row][vc_row][vc_column width=&#8221;1\/4&#8243;][\/vc_column][vc_column width=&#8221;1\/4&#8243;][\/vc_column][vc_column width=&#8221;1\/4&#8243;][vc_btn title=&#8221;R\u00e9servez en ligne&#8221; color=&#8221;green&#8221; link=&#8221;url:https%3A%2F%2Fberthodsport.it%2Fwordpress%2Fprenotazione-on-line%2F|title:Listino%20Prezzi||&#8221;][\/vc_column][vc_column width=&#8221;1\/4&#8243;][vc_btn title=&#8221;Liste de prix&#8221; color=&#8221;green&#8221; link=&#8221;url:https%3A%2F%2Fberthodsport.it%2Fwordpress%2Flistino-prezzi%2F|title:Listino%20Prezzi||&#8221;][\/vc_column][\/vc_row][vc_row][vc_column][vc_empty_space][vc_gallery type=&#8221;image_grid&#8221; images=&#8221;1845,1846,1847,1851,1854,1855&#8243; img_size=&#8221;medium&#8221; onclick=&#8221;&#8221;][vc_empty_space height=&#8221;0.7em&#8221;]<div class=\"columns_wrap sc_columns columns_nofluid sc_columns_count_2\"><div class=\"column-1_2 sc_column_item sc_column_item_1 odd first\"><\/div><\/div>[\/vc_column][vc_row][vc_column][vc_empty_space height=&#8221;0.7em&#8221;]<div id=\"sc_skills_diagram_685632591\" class=\"sc_skills sc_skills_counter margin_top_large margin_bottom_medium\" data-type=\"counter\" data-caption=\"Skills\"><h6 class=\"sc_skills_subtitle sc_item_subtitle\">POUR TOUS LES GO\u00dbTS<\/h6><h2 class=\"sc_skills_title sc_item_title sc_item_title_with_descr\">O\u00d9 POUR TOUS IL Y A DU SKI PARFAIT<\/h2><div class=\"sc_skills_descr sc_item_descr\">Mat\u00e9riel de ski et de snowboard pour tous les niveaux, go\u00fbts et besoins.<\/div><div class=\"columns_wrap sc_skills_columns sc_skills_columns_4\"><div class=\"sc_skills_column column-1_4\"><div class=\"sc_skills_item sc_skills_style_2 odd first\"><div class=\"sc_skills_total\" data-start=\"0\" data-stop=\"1500\" data-step=\"15\" data-max=\"1500\" data-speed=\"36\" data-duration=\"3600\" data-ed=\"\">0<\/div><div class=\"sc_skills_count\"><\/div><div class=\"sc_skills_info\"><div class=\"sc_skills_label\">Paires de skis<\/div><\/div><\/div><\/div><div class=\"sc_skills_column column-1_4\"><div class=\"sc_skills_item sc_skills_style_2 even\"><div class=\"sc_skills_total\" data-start=\"0\" data-stop=\"200\" data-step=\"15\" data-max=\"1500\" data-speed=\"31\" data-duration=\"413\" data-ed=\"\">0<\/div><div class=\"sc_skills_count\"><\/div><div class=\"sc_skills_info\"><div class=\"sc_skills_label\">Snowboard<\/div><\/div><\/div><\/div><div class=\"sc_skills_column column-1_4\"><div class=\"sc_skills_item sc_skills_style_2 odd\"><div class=\"sc_skills_total\" data-start=\"0\" data-stop=\"1000\" data-step=\"15\" data-max=\"1500\" data-speed=\"13\" data-duration=\"867\" data-ed=\"\">0<\/div><div class=\"sc_skills_count\"><\/div><div class=\"sc_skills_info\"><div class=\"sc_skills_label\">Paires de bottes<\/div><\/div><\/div><\/div><div class=\"sc_skills_column column-1_4\"><div class=\"sc_skills_item sc_skills_style_2 even\"><div class=\"sc_skills_total\" data-start=\"0\" data-stop=\"900\" data-step=\"15\" data-max=\"1500\" data-speed=\"17\" data-duration=\"1020\" data-ed=\"\">0<\/div><div class=\"sc_skills_count\"><\/div><div class=\"sc_skills_info\"><div class=\"sc_skills_label\">Casques<\/div><\/div><\/div><\/div><\/div><\/div>[\/vc_column][\/vc_row][vc_row][vc_column][vc_empty_space height=&#8221;2em&#8221;][vc_single_image image=&#8221;1246&#8243; img_size=&#8221;1200&#8243; alignment=&#8221;center&#8221; onclick=&#8221;link_image&#8221;][\/vc_column][\/vc_row][vc_row][vc_column][vc_empty_space height=&#8221;0.7em&#8221;]<div id=\"sc_services_1780394576_wrap\" class=\"sc_services_wrap\"><div id=\"sc_services_1780394576\" class=\"sc_services sc_services_style_services-1 sc_services_type_icons  margin_top_medium margin_bottom_medium\" style=\"width:100%;\"><div class=\"sc_columns columns_wrap\"><div class=\"column-1_3 column_padding_bottom\">\t\t\t<div id=\"sc_services_1780394576_1\"\t\t\t\tclass=\"sc_services_item sc_services_item_1 odd first\"\n\t\t\t\t>\n\t\t\t\t<span class=\"sc_icon icon-mobile-1\"><\/span>\t\t\t\t<div class=\"sc_services_item_content\">\n\t\t\t\t\t<h4 class=\"sc_services_item_title\">O\u00f9 appeler?<\/h4>\n\t\t\t\t\t<div class=\"sc_services_item_description\">\n\t\t\t\t\t\t<p>[vc_column_text]0165 88 48 45[\/vc_column_text]<\/p>\t\t\t\t\t<\/div>\n\t\t\t\t<\/div>\n\t\t\t<\/div>\n\t\t<\/div><div class=\"column-1_3 column_padding_bottom\">\t\t\t<div id=\"sc_services_1780394576_2\"\t\t\t\tclass=\"sc_services_item sc_services_item_2 even\"\n\t\t\t\t>\n\t\t\t\t<span class=\"sc_icon icon-location-1\"><\/span>\t\t\t\t<div class=\"sc_services_item_content\">\n\t\t\t\t\t<h4 class=\"sc_services_item_title\">On est o\u00f9?<\/h4>\n\t\t\t\t\t<div class=\"sc_services_item_description\">\n\t\t\t\t\t\t<p>[vc_column_text]<\/p>\n<p>D\u00e9part T\u00e9l\u00e9ph\u00e9rique DMC<\/p>\n<p>11013 La Thuile<\/p>\n<p>(Aosta)<\/p>\n<p>[\/vc_column_text]<\/p>\t\t\t\t\t<\/div>\n\t\t\t\t<\/div>\n\t\t\t<\/div>\n\t\t<\/div><div class=\"column-1_3 column_padding_bottom\">\t\t\t<div id=\"sc_services_1780394576_3\"\t\t\t\tclass=\"sc_services_item sc_services_item_3 odd\"\n\t\t\t\t>\n\t\t\t\t<span class=\"sc_icon icon-clock-1\"><\/span>\t\t\t\t<div class=\"sc_services_item_content\">\n\t\t\t\t\t<h4 class=\"sc_services_item_title\">Quand?<\/h4>\n\t\t\t\t\t<div class=\"sc_services_item_description\">\n\t\t\t\t\t\t<p>[vc_column_text]8.30 am \u2013 6.00 pm<\/p>\n<p>tous les jours[\/vc_column_text]<\/p>\t\t\t\t\t<\/div>\n\t\t\t\t<\/div>\n\t\t\t<\/div>\n\t\t<\/div><\/div><\/div><!-- \/.sc_services --><\/div><!-- \/.sc_services_wrap -->[\/vc_column][\/vc_row]<\/p>\n","protected":false},"excerpt":{"rendered":"<p>[vc_row][vc_column width=&#8221;1\/2&#8243;][vc_empty_space height=&#8221;0.7em&#8221;][\/vc_column][vc_column width=&#8221;1\/2&#8243;][vc_empty_space height=&#8221;10em&#8221;][\/vc_column][\/vc_row][vc_row][vc_column width=&#8221;1\/4&#8243;][\/vc_column][vc_column width=&#8221;1\/4&#8243;][\/vc_column][vc_column width=&#8221;1\/4&#8243;][vc_btn title=&#8221;R\u00e9servez en ligne&#8221; color=&#8221;green&#8221; link=&#8221;url:https%3A%2F%2Fberthodsport.it%2Fwordpress%2Fprenotazione-on-line%2F|title:Listino%20Prezzi||&#8221;][\/vc_column][vc_column width=&#8221;1\/4&#8243;][vc_btn title=&#8221;Liste de prix&#8221; color=&#8221;green&#8221; link=&#8221;url:https%3A%2F%2Fberthodsport.it%2Fwordpress%2Flistino-prezzi%2F|title:Listino%20Prezzi||&#8221;][\/vc_column][\/vc_row][vc_row][vc_column][vc_empty_space][vc_gallery type=&#8221;image_grid&#8221; images=&#8221;1845,1846,1847,1851,1854,1855&#8243; img_size=&#8221;medium&#8221; onclick=&#8221;&#8221;][vc_empty_space height=&#8221;0.7em&#8221;][\/vc_column][vc_row][vc_column][vc_empty_space height=&#8221;0.7em&#8221;][\/vc_column][\/vc_row][vc_row][vc_column][vc_empty_space height=&#8221;2em&#8221;][vc_single_image image=&#8221;1246&#8243; img_size=&#8221;1200&#8243; alignment=&#8221;center&#8221; onclick=&#8221;link_image&#8221;][\/vc_column][\/vc_row][vc_row][vc_column][vc_empty_space height=&#8221;0.7em&#8221;][\/vc_column][\/vc_row]<\/p>\n","protected":false},"author":1,"featured_media":0,"parent":0,"menu_order":0,"comment_status":"closed","ping_status":"closed","template":"","meta":{"_monsterinsights_skip_tracking":false,"_monsterinsights_sitenote_active":false,"_monsterinsights_sitenote_note":"","_monsterinsights_sitenote_category":0,"footnotes":""},"class_list":["post-1675","page","type-page","status-publish","hentry"],"_links":{"self":[{"href":"https:\/\/www.berthodsport.it\/wordpress\/wp-json\/wp\/v2\/pages\/1675","targetHints":{"allow":["GET"]}}],"collection":[{"href":"https:\/\/www.berthodsport.it\/wordpress\/wp-json\/wp\/v2\/pages"}],"about":[{"href":"https:\/\/www.berthodsport.it\/wordpress\/wp-json\/wp\/v2\/types\/page"}],"author":[{"embeddable":true,"href":"https:\/\/www.berthodsport.it\/wordpress\/wp-json\/wp\/v2\/users\/1"}],"replies":[{"embeddable":true,"href":"https:\/\/www.berthodsport.it\/wordpress\/wp-json\/wp\/v2\/comments?post=1675"}],"version-history":[{"count":8,"href":"https:\/\/www.berthodsport.it\/wordpress\/wp-json\/wp\/v2\/pages\/1675\/revisions"}],"predecessor-version":[{"id":1862,"href":"https:\/\/www.berthodsport.it\/wordpress\/wp-json\/wp\/v2\/pages\/1675\/revisions\/1862"}],"wp:attachment":[{"href":"https:\/\/www.berthodsport.it\/wordpress\/wp-json\/wp\/v2\/media?parent=1675"}],"curies":[{"name":"wp","href":"https:\/\/api.w.org\/{rel}","templated":true}]}}