{"id":1681,"date":"2023-01-16T15:24:03","date_gmt":"2023-01-16T14:24:03","guid":{"rendered":"https:\/\/berthodsport.it\/wordpress\/?page_id=1681"},"modified":"2023-01-16T15:24:37","modified_gmt":"2023-01-16T14:24:37","slug":"depot","status":"publish","type":"page","link":"https:\/\/www.berthodsport.it\/wordpress\/fr\/depot\/","title":{"rendered":"Notre d\u00e9p\u00f4t"},"content":{"rendered":"<p>[vc_row][vc_column]<div class=\"sc_section margin_top_large\"><div class=\"sc_section_inner\"><div class=\"sc_section_content_wrap\">[vc_custom_heading text=&#8221;&#8221; font_container=&#8221;tag:div|font_size:0.933em|text_align:left|color:%23cecece|line_height:3.5em&#8221; google_fonts=&#8221;font_family:Montserrat%3Aregular%2C700|font_style:400%20regular%3A400%3Anormal&#8221;]<div id=\"sc_skills_diagram_1448463108\" class=\"sc_skills sc_skills_counter margin_bottom_medium title_left\" data-type=\"counter\" data-caption=\"Skills\"><h2 class=\"sc_skills_title sc_item_title sc_item_title_with_descr\">Notre d\u00e9p\u00f4t<\/h2><div class=\"sc_skills_descr sc_item_descr\">Chaud et sec, prot\u00e9g\u00e9 par un syst\u00e8me de vid\u00e9osurveillance pour votre mat\u00e9riel avec la possibilit\u00e9 de louer des casiers pour des p\u00e9riodes quotidiennes, hebdomadaires et saisonni\u00e8res.<\/div><div class=\"columns_wrap sc_skills_columns sc_skills_columns_4\"><\/div><\/div><\/div><\/div><\/div>[\/vc_column][\/vc_row][vc_row][vc_column width=&#8221;1\/3&#8243;][vc_single_image image=&#8221;1455&#8243; img_size=&#8221;medium&#8221; alignment=&#8221;center&#8221;][vc_empty_space][\/vc_column][vc_column width=&#8221;1\/3&#8243;][vc_single_image image=&#8221;1456&#8243; img_size=&#8221;medium&#8221; alignment=&#8221;center&#8221;][vc_empty_space][\/vc_column][vc_column width=&#8221;1\/3&#8243;][vc_single_image image=&#8221;1454&#8243; img_size=&#8221;medium&#8221; alignment=&#8221;center&#8221;][vc_empty_space][\/vc_column][\/vc_row]<\/p>\n","protected":false},"excerpt":{"rendered":"<p>[vc_row][vc_column][\/vc_column][\/vc_row][vc_row][vc_column width=&#8221;1\/3&#8243;][vc_single_image image=&#8221;1455&#8243; img_size=&#8221;medium&#8221; alignment=&#8221;center&#8221;][vc_empty_space][\/vc_column][vc_column width=&#8221;1\/3&#8243;][vc_single_image image=&#8221;1456&#8243; img_size=&#8221;medium&#8221; alignment=&#8221;center&#8221;][vc_empty_space][\/vc_column][vc_column width=&#8221;1\/3&#8243;][vc_single_image image=&#8221;1454&#8243; img_size=&#8221;medium&#8221; alignment=&#8221;center&#8221;][vc_empty_space][\/vc_column][\/vc_row]<\/p>\n","protected":false},"author":1,"featured_media":0,"parent":0,"menu_order":0,"comment_status":"closed","ping_status":"closed","template":"","meta":{"_monsterinsights_skip_tracking":false,"_monsterinsights_sitenote_active":false,"_monsterinsights_sitenote_note":"","_monsterinsights_sitenote_category":0,"footnotes":""},"class_list":["post-1681","page","type-page","status-publish","hentry"],"_links":{"self":[{"href":"https:\/\/www.berthodsport.it\/wordpress\/wp-json\/wp\/v2\/pages\/1681","targetHints":{"allow":["GET"]}}],"collection":[{"href":"https:\/\/www.berthodsport.it\/wordpress\/wp-json\/wp\/v2\/pages"}],"about":[{"href":"https:\/\/www.berthodsport.it\/wordpress\/wp-json\/wp\/v2\/types\/page"}],"author":[{"embeddable":true,"href":"https:\/\/www.berthodsport.it\/wordpress\/wp-json\/wp\/v2\/users\/1"}],"replies":[{"embeddable":true,"href":"https:\/\/www.berthodsport.it\/wordpress\/wp-json\/wp\/v2\/comments?post=1681"}],"version-history":[{"count":2,"href":"https:\/\/www.berthodsport.it\/wordpress\/wp-json\/wp\/v2\/pages\/1681\/revisions"}],"predecessor-version":[{"id":1683,"href":"https:\/\/www.berthodsport.it\/wordpress\/wp-json\/wp\/v2\/pages\/1681\/revisions\/1683"}],"wp:attachment":[{"href":"https:\/\/www.berthodsport.it\/wordpress\/wp-json\/wp\/v2\/media?parent=1681"}],"curies":[{"name":"wp","href":"https:\/\/api.w.org\/{rel}","templated":true}]}}